{"id":3559,"date":"2023-10-24T07:29:00","date_gmt":"2023-10-24T07:29:00","guid":{"rendered":"https:\/\/matroes.es\/privacy-policy\/"},"modified":"2023-11-09T15:22:13","modified_gmt":"2023-11-09T15:22:13","slug":"privacy-policy","status":"publish","type":"page","link":"https:\/\/matroes.es\/en\/privacy-policy\/","title":{"rendered":"Privacy Policy"},"content":{"rendered":"\t\t<div data-elementor-type=\"wp-page\" data-elementor-id=\"3559\" class=\"elementor elementor-3559 elementor-2429\" data-elementor-post-type=\"page\">\n\t\t\t\t<div class=\"elementor-element elementor-element-44d1a75 e-flex e-con-boxed e-con e-parent\" data-id=\"44d1a75\" data-element_type=\"container\" data-e-type=\"container\" data-settings=\"{&quot;background_background&quot;:&quot;classic&quot;}\">\n\t\t\t\t\t<div class=\"e-con-inner\">\n\t\t<div class=\"elementor-element elementor-element-5af5174 e-con-full e-flex e-con e-parent\" data-id=\"5af5174\" data-element_type=\"container\" data-e-type=\"container\" data-settings=\"{&quot;background_background&quot;:&quot;classic&quot;}\">\n\t\t\t\t<div class=\"elementor-element elementor-element-776864d elementor-widget-mobile__width-initial elementor-widget elementor-widget-heading\" data-id=\"776864d\" data-element_type=\"widget\" data-e-type=\"widget\" data-widget_type=\"heading.default\">\n\t\t\t\t<div class=\"elementor-widget-container\">\n\t\t\t\t\t<h1 class=\"elementor-heading-title elementor-size-default\">Privacy Policy<\/h1>\t\t\t\t<\/div>\n\t\t\t\t<\/div>\n\t\t\t\t<\/div>\n\t\t\t\t\t<\/div>\n\t\t\t\t<\/div>\n\t\t<div class=\"elementor-element elementor-element-704502b e-flex e-con-boxed e-con e-parent\" data-id=\"704502b\" data-element_type=\"container\" data-e-type=\"container\">\n\t\t\t\t\t<div class=\"e-con-inner\">\n\t\t\t\t<div class=\"elementor-element elementor-element-121d323 elementor-widget elementor-widget-text-editor\" data-id=\"121d323\" data-element_type=\"widget\" data-e-type=\"widget\" data-widget_type=\"text-editor.default\">\n\t\t\t\t<div class=\"elementor-widget-container\">\n\t\t\t\t\t\t\t\t\t<p>This Privacy Policy describes the processing of personal data by MATROES, which complies with the provisions of the Organic Law 3\/2018 of December 5, 2018, on the Protection of Personal Data and guarantee of digital rights and Regulation (EU) 2016\/679 of the European Parliament and of the Council of 27 April 2016 on the protection of natural persons with regard to the processing of personal data and on the free movement of such data.<\/p>\n\t\t\t\t\t\t\t\t<\/div>\n\t\t\t\t<\/div>\n\t\t\t\t<div class=\"elementor-element elementor-element-92eb447 elementor-widget elementor-widget-heading\" data-id=\"92eb447\" data-element_type=\"widget\" data-e-type=\"widget\" data-widget_type=\"heading.default\">\n\t\t\t\t<div class=\"elementor-widget-container\">\n\t\t\t\t\t<h2 class=\"elementor-heading-title elementor-size-default\">Who is responsible for the data?\n<\/h2>\t\t\t\t<\/div>\n\t\t\t\t<\/div>\n\t\t\t\t<div class=\"elementor-element elementor-element-c93a706 elementor-widget elementor-widget-text-editor\" data-id=\"c93a706\" data-element_type=\"widget\" data-e-type=\"widget\" data-widget_type=\"text-editor.default\">\n\t\t\t\t<div class=\"elementor-widget-container\">\n\t\t\t\t\t\t\t\t\t<p>Identity of the responsible party: MATROES<\/p>\n<p>Trade name: [&#8212;&#8212;&#8212;]<\/p>\n<p>NIF: [&#8212;&#8212;&#8212;]<\/p>\n<p>Address: [&#8212;&#8212;&#8212;]<\/p>\n<p>Phone: [&#8212;&#8212;&#8212;]<\/p>\n<p>E-mail: [&#8212;&#8212;&#8212;]<\/p>\n<p>Any questions or communications may be sent to the e-mail address [&#8212;&#8212;&#8212;] or, alternatively, by mail to [&#8212;&#8212;&#8212;].<\/p>\n\t\t\t\t\t\t\t\t<\/div>\n\t\t\t\t<\/div>\n\t\t\t\t<div class=\"elementor-element elementor-element-f58d0a5 elementor-widget elementor-widget-heading\" data-id=\"f58d0a5\" data-element_type=\"widget\" data-e-type=\"widget\" data-widget_type=\"heading.default\">\n\t\t\t\t<div class=\"elementor-widget-container\">\n\t\t\t\t\t<h2 class=\"elementor-heading-title elementor-size-default\">What categories of data are processed?<\/h2>\t\t\t\t<\/div>\n\t\t\t\t<\/div>\n\t\t\t\t<div class=\"elementor-element elementor-element-dd6991f elementor-widget elementor-widget-text-editor\" data-id=\"dd6991f\" data-element_type=\"widget\" data-e-type=\"widget\" data-widget_type=\"text-editor.default\">\n\t\t\t\t<div class=\"elementor-widget-container\">\n\t\t\t\t\t\t\t\t\t<p>Name and surname<\/p>\n<p>Personal and\/or professional e-mail address<\/p>\n<p>N\u00famero\/s de tel\u00e9fono, personal y\/o profesional<\/p>\n<p>Management, personal and\/or professional<\/p>\n<p>Company and position within the organization<\/p>\n<p>DNI\/CIF\/NIE<\/p>\n<p>Any other information you provide through the free text fields included in the forms provided.<\/p>\n<p>Types of Data Maintained by MATROES<br \/>The purpose, storage period and legitimacy of the data collected and maintained by MATROES is explained below. The interested party is informed that no commercial profiles will be generated and no automated decisions will be made.<\/p>\n<p>Customer Data<\/p>\n<p>MATROES will retain personal data for the provision of legal services requested by any client or potential client. Normally, the scope of such legal services will be delimited in the engagement letter signed between MATROES and the client. MATROES may also process personal data for pre-contractual purposes, for example in order to prepare a service proposal to the customer or potential customer.<\/p>\n\t\t\t\t\t\t\t\t<\/div>\n\t\t\t\t<\/div>\n\t\t\t\t<div class=\"elementor-element elementor-element-0d50fcc elementor-widget elementor-widget-heading\" data-id=\"0d50fcc\" data-element_type=\"widget\" data-e-type=\"widget\" data-widget_type=\"heading.default\">\n\t\t\t\t<div class=\"elementor-widget-container\">\n\t\t\t\t\t<h2 class=\"elementor-heading-title elementor-size-default\">For what purpose are the data processed?\n<\/h2>\t\t\t\t<\/div>\n\t\t\t\t<\/div>\n\t\t\t\t<div class=\"elementor-element elementor-element-b11364a elementor-widget elementor-widget-text-editor\" data-id=\"b11364a\" data-element_type=\"widget\" data-e-type=\"widget\" data-widget_type=\"text-editor.default\">\n\t\t\t\t<div class=\"elementor-widget-container\">\n\t\t\t\t\t\t\t\t\t<p>The personal data of our clients will be processed for the development and execution of the services requested and\/or contracted, which includes:<\/p>\n<p>To adequately prepare the requested service proposal.<\/p>\n<p>Manage the contracting of the requested services and the corresponding invoicing.<\/p>\n<p>Maintain contact to gather information or provide information about the contracted services and\/or modifications to the same.<\/p>\n<p>To comply with the contractual and commercial obligations assumed and with all legal obligations to be met by MATROES.in the same.<\/p>\n<p>To know the degree of satisfaction with the services received.<\/p>\n<p>Send electronic communications in relation to activities, news, events and company news that may be of interest to you according to the nature of the contracted service and provided that you do not express your desire not to receive them as permitted by Law 34\/2002, of July 11, 2002, on information society services and electronic commerce.<\/p>\n<p>In relation to contact requests, the data will be processed in order to provide adequate management and attention to the request in accordance with the nature of the request.<\/p>\n<p>Likewise, data will be processed for marketing purposes in the event of a request for registration in the &#8220;Stay informed&#8221; section and in those cases in which the necessary consent is expressly provided. This purpose includes sending periodic electronic communications regarding information, activities, novelties, events and news related to the company or the legal sector in general and that may be of interest to the Users and provided that they do not express their desire to stop receiving them.<\/p>\n<p>In case of requesting registration and\/or participating in any of the events we hold, the name and surname, e-mail address and professional data (company and position) will be used to manage the registration to the event of reference and to maintain contact in order to confirm attendance or inform of any news or changes in the selected event. We may also use the data to gather feedback and experience about the event, conduct statistical studies, as well as to send you information about future events, news and company news.<\/p>\n<p>Also, only if requested and provided that you do not withdraw your consent, we will use the data for sending newsletters and periodic electronic commercial communications regarding information, activities, news, events and news related to the company or the legal sector that may be of interest to you.<\/p>\n<p>When accessing the web portal, user data is processed in order to prepare statistical reports and anonymous profiles regarding access habits and the activity carried out by Users during their browsing.<\/p>\n<p>Unless otherwise indicated, the information requested is necessary and failure to provide it will prevent the submission of the application in question.<\/p>\n<p>MATROES participates in social networks. The processing of the data of Users who become followers (and\/or perform any link or action of connection through social networks) of the official pages of MATROES in social networks, shall be governed by those conditions of use, privacy policies and other regulations of access, use and the like that belong to the social network concerned, that the user, as a participant of such social networks, will have previously accepted. Consequently, MATROES is not responsible for the personal information shared by the user on social networks.<\/p>\n\t\t\t\t\t\t\t\t<\/div>\n\t\t\t\t<\/div>\n\t\t\t\t<div class=\"elementor-element elementor-element-0acd9ab elementor-widget elementor-widget-heading\" data-id=\"0acd9ab\" data-element_type=\"widget\" data-e-type=\"widget\" data-widget_type=\"heading.default\">\n\t\t\t\t<div class=\"elementor-widget-container\">\n\t\t\t\t\t<h2 class=\"elementor-heading-title elementor-size-default\">What is the legitimacy for data processing?\n<\/h2>\t\t\t\t<\/div>\n\t\t\t\t<\/div>\n\t\t\t\t<div class=\"elementor-element elementor-element-07e352b elementor-widget elementor-widget-text-editor\" data-id=\"07e352b\" data-element_type=\"widget\" data-e-type=\"widget\" data-widget_type=\"text-editor.default\">\n\t\t\t\t<div class=\"elementor-widget-container\">\n\t\t\t\t\t\t\t\t\t<p>The legitimacy with respect to the processing related to the development and execution of the services requested and\/or contracted has its origin in the contractual relationship between the parties. For the rest of the processing, the legal basis of the processing is the consent given and the legitimate interest in the maintenance of the existing relationship.<\/p>\n\t\t\t\t\t\t\t\t<\/div>\n\t\t\t\t<\/div>\n\t\t\t\t<div class=\"elementor-element elementor-element-7f2ce64 elementor-widget elementor-widget-heading\" data-id=\"7f2ce64\" data-element_type=\"widget\" data-e-type=\"widget\" data-widget_type=\"heading.default\">\n\t\t\t\t<div class=\"elementor-widget-container\">\n\t\t\t\t\t<h2 class=\"elementor-heading-title elementor-size-default\">How long does MATROES store data?\n<\/h2>\t\t\t\t<\/div>\n\t\t\t\t<\/div>\n\t\t\t\t<div class=\"elementor-element elementor-element-dc35bd1 elementor-widget elementor-widget-text-editor\" data-id=\"dc35bd1\" data-element_type=\"widget\" data-e-type=\"widget\" data-widget_type=\"text-editor.default\">\n\t\t\t\t<div class=\"elementor-widget-container\">\n\t\t\t\t\t\t\t\t\t<p>The personal data processed by MATROES will be processed for as long as it is necessary for the purpose for which it was collected or the relationship between the parties remains in force and as long as the owner of the data does not express his opposition or revoke the consent given. Once this period has expired, and only in the event that it is necessary in accordance with current legislation, the data will be kept duly blocked for the legally established periods. If you wish to obtain more information in this regard, you may request it at info@matroes.comeados during the legally established deadlines.<br \/>Data of persons requesting information<\/p>\n<p>Finalidad: MATROES conservar\u00e1 los datos personales y materiales de acompa\u00f1amiento que env\u00ede cualquier persona por cualquier medio solicitando informaci\u00f3n sobre los servicios de MATROES. The purpose will be to answer the interested party&#8217;s query.<\/p>\n<p>Retention period: Personal data of individuals who request information about MATROES services, or otherwise request to be informed about a particular matter, will be retained until the data subject withdraws his or her consent, unless there is a legal obligation to retain personal data for a longer period.<\/p>\n<p>Legitimation: MATROES is legitimized for the conservation of personal data of persons requesting information in accordance with the specific consent to be returned signed by any interested party. If the interested party refuses to sign the specific consent, his\/her data and materials will be deleted and the consultation will not be attended.<\/p>\n<p>Commercial Communications<br \/>Purpose: In the event that MATROES were to send commercial communications to an interested party, MATROES will request the express prior consent of the interested party for this purpose. The purpose will be to send occasional or periodic commercial communications to the interested party, including a newsletter and\/or specific communications.<\/p>\n<p>Retention period: Personal data of individuals who agree to receive commercial communications from MATROES will be retained until the data subject withdraws his or her consent, unless there is a legal obligation to retain personal data for a longer period.<\/p>\n<p>Legitimation: MATROES is legitimized for the conservation of personal data of those interested in receiving commercial communications from MATROES in accordance with the specific consent to be returned signed by any interested party. If the data subject refuses to sign the specific consent, his\/her data will be erased and MATROES will not send him\/her any commercial communications.<\/p>\n<p>Supplier Data<br \/>Purpose: MATROES will retain personal data for the receipt of services provided by any supplier or potential service provider. Normally, the scope of such services will be delimited in the service contract signed between MATROES and the service provider. MATROES may also process personal data on a pre-contractual basis, for example for the purpose of requesting a service proposal from the service provider or potential service provider.<\/p>\n<p>Retention period: Personal data of suppliers and potential service providers will be retained in any case as long as the legal relationship with MATROES is maintained and, thereafter, until the supplier or potential service provider requests its deletion.<\/p>\n<p>Legitimacy: MATROES is entitled to keep the personal data for the execution of the service provision contract signed between MATROES and the service provider, as well as for any pre-contractual actions. MATROES is also entitled to the consent of the service provider, which may be reflected in the contract signed between MATROES and the service provider.<\/p>\n<p>The communication of personal data is an essential requirement for the signing of the contract for the provision of services, so the service provider is obliged to communicate it to MATROES. In the event that the service provider does not provide your personal data, MATROES may refuse to sign the service contract, refuse to receive the services and\/or terminate the legal relationship at any time.<\/p>\n\t\t\t\t\t\t\t\t<\/div>\n\t\t\t\t<\/div>\n\t\t\t\t<div class=\"elementor-element elementor-element-9d37f3a elementor-widget elementor-widget-heading\" data-id=\"9d37f3a\" data-element_type=\"widget\" data-e-type=\"widget\" data-widget_type=\"heading.default\">\n\t\t\t\t<div class=\"elementor-widget-container\">\n\t\t\t\t\t<h2 class=\"elementor-heading-title elementor-size-default\">To whom is the data communicated?\n<\/h2>\t\t\t\t<\/div>\n\t\t\t\t<\/div>\n\t\t\t\t<div class=\"elementor-element elementor-element-9d0c30c elementor-widget elementor-widget-text-editor\" data-id=\"9d0c30c\" data-element_type=\"widget\" data-e-type=\"widget\" data-widget_type=\"text-editor.default\">\n\t\t\t\t<div class=\"elementor-widget-container\">\n\t\t\t\t\t\t\t\t\t<p>In order to fulfill the indicated purposes, MATROES may communicate data to the company AEQUO ANIMO ADVOCATS S.L. as well as to third parties that provide us with financial, technological, logistic services, etc. To whom is the data communicated?<\/p>\n<p>As part of the professional services provided by MATROES, as well as for the execution of contracts with customers and suppliers, MATROES may communicate personal data to third parties, including:<\/p>\n<p>Third parties to whom personal data must be communicated, such as judges, courts, arbitrators, bar associations, public administrations, counterparties, auditors, accountants, advisors, experts, private investigators, lawyers, solicitors, notaries, registrars and other legal professionals;<\/p>\n<p>MATROES service providers such as IT providers, accountants, auditors, document storage, and other legal professionals.<\/p>\n<p>MATROES service providers such as IT providers, accountants, auditors, document storage, and other professionals in the legal fieldIn addition to the above, personal data will be communicated in those cases required by current regulations.<\/p>\n<p>Recipients and International Transfers<br \/>Salvo obligaci\u00f3n legal o consentimiento expreso del interesado, MATROES no realizar\u00e1 ninguna cesi\u00f3n ni ninguna transferencia internacional de datos de car\u00e1cter personal.<\/p>\n\t\t\t\t\t\t\t\t<\/div>\n\t\t\t\t<\/div>\n\t\t\t\t<div class=\"elementor-element elementor-element-7610b8c elementor-widget elementor-widget-heading\" data-id=\"7610b8c\" data-element_type=\"widget\" data-e-type=\"widget\" data-widget_type=\"heading.default\">\n\t\t\t\t<div class=\"elementor-widget-container\">\n\t\t\t\t\t<h2 class=\"elementor-heading-title elementor-size-default\">What are your rights when you provide your personal data?\n<\/h2>\t\t\t\t<\/div>\n\t\t\t\t<\/div>\n\t\t\t\t<div class=\"elementor-element elementor-element-5a550e1 elementor-widget elementor-widget-text-editor\" data-id=\"5a550e1\" data-element_type=\"widget\" data-e-type=\"widget\" data-widget_type=\"text-editor.default\">\n\t\t\t\t<div class=\"elementor-widget-container\">\n\t\t\t\t\t\t\t\t\t<p>Users may exercise their rights:<\/p>\n<p>Access to the personal data being processed and to the details of these processing operations.<\/p>\n<p>To rectify inaccurate data<\/p>\n<p>Of cancellation, in the cases provided for by the regulations<\/p>\n<p>To the limitation of their data in the cases determined by law.<\/p>\n<p>To the portability of your data when the processing is automated and has a legal basis in a contractual relationship or consent.<\/p>\n<p>Opposition to treatment in those cases permitted by law.<\/p>\n<p>To revoke, at any time, the consent given.<\/p>\n<p>They may exercise the rights referred to above, under the terms and conditions provided for in current legislation, at the registered office of MATROES or by sending an e-mail to <a href=\"mailto:info@matroes.com\" target=\"_new\">info@matroes.com<\/a>.<\/p>\n<p>The interested party must always indicate his\/her name, surname(s) and contact address and, in addition, a photocopy of his\/her National Identity Document or Foreigner&#8217;s Identification Number must accompany any application to info@matroes.com.<\/p>\n<p>The interested party may obtain more information on the above rights, as well as forms to exercise them, on the website of the Spanish Data Protection Agency (AEPD) located at C\/ Jorge Juan n\u00ba6, 28001 Madrid. More information is available at www.aepd.es.<\/p>\n<p>If the data subject has given consent for a specific purpose, the data subject has the right to withdraw the consent given at any time, without affecting the lawfulness of the processing based on the consent prior to its withdrawal.<\/p>\n<p>In the event that the data subject considers that his\/her rights concerning the protection of his\/her personal data have been violated, especially when he\/she has not obtained satisfaction in the exercise of his\/her rights, he\/she may file a complaint before the Spanish Data Protection Agency (AEPD) through its web page (www.agpd.es).<\/p>\n\t\t\t\t\t\t\t\t<\/div>\n\t\t\t\t<\/div>\n\t\t\t\t\t<\/div>\n\t\t\t\t<\/div>\n\t\t\t\t<\/div>\n\t\t","protected":false},"excerpt":{"rendered":"<p>Privacy Policy This Privacy Policy describes the processing of personal data by MATROES, which complies with the provisions of the Organic Law 3\/2018 of December 5, 2018, on the Protection of Personal Data and guarantee of digital rights and Regulation (EU) 2016\/679 of the European Parliament and of the Council of 27 April 2016 on &hellip;<\/p>\n<p class=\"read-more\"> <a class=\"\" href=\"https:\/\/matroes.es\/en\/privacy-policy\/\"> <span class=\"screen-reader-text\">Privacy Policy<\/span> Read More &raquo;<\/a><\/p>\n","protected":false},"author":1,"featured_media":0,"parent":0,"menu_order":0,"comment_status":"closed","ping_status":"closed","template":"","meta":{"site-sidebar-layout":"no-sidebar","site-content-layout":"page-builder","ast-global-header-display":"","ast-banner-title-visibility":"","ast-main-header-display":"","ast-hfb-above-header-display":"","ast-hfb-below-header-display":"","ast-hfb-mobile-header-display":"","site-post-title":"disabled","ast-breadcrumbs-content":"","ast-featured-img":"disabled","footer-sml-layout":"","theme-transparent-header-meta":"","adv-header-id-meta":"","stick-header-meta":"","header-above-stick-meta":"","header-main-stick-meta":"","header-below-stick-meta":"","footnotes":""},"class_list":["post-3559","page","type-page","status-publish","hentry"],"_links":{"self":[{"href":"https:\/\/matroes.es\/en\/wp-json\/wp\/v2\/pages\/3559","targetHints":{"allow":["GET"]}}],"collection":[{"href":"https:\/\/matroes.es\/en\/wp-json\/wp\/v2\/pages"}],"about":[{"href":"https:\/\/matroes.es\/en\/wp-json\/wp\/v2\/types\/page"}],"author":[{"embeddable":true,"href":"https:\/\/matroes.es\/en\/wp-json\/wp\/v2\/users\/1"}],"replies":[{"embeddable":true,"href":"https:\/\/matroes.es\/en\/wp-json\/wp\/v2\/comments?post=3559"}],"version-history":[{"count":1,"href":"https:\/\/matroes.es\/en\/wp-json\/wp\/v2\/pages\/3559\/revisions"}],"predecessor-version":[{"id":3560,"href":"https:\/\/matroes.es\/en\/wp-json\/wp\/v2\/pages\/3559\/revisions\/3560"}],"wp:attachment":[{"href":"https:\/\/matroes.es\/en\/wp-json\/wp\/v2\/media?parent=3559"}],"curies":[{"name":"wp","href":"https:\/\/api.w.org\/{rel}","templated":true}]}}